{"id":2,"date":"2011-04-12T10:02:52","date_gmt":"2011-04-12T10:02:52","guid":{"rendered":"http:\/\/voyagevertical.ch\/WordPressdeutsch\/?page_id=2"},"modified":"2025-01-02T23:20:14","modified_gmt":"2025-01-02T23:20:14","slug":"portrait","status":"publish","type":"page","link":"https:\/\/voyagevertical.ch\/fr\/portrait-benno-treier\/","title":{"rendered":"Portrait"},"content":{"rendered":"<p><\/p>\n<div style=\"clear: left;\"><\/div>\n<p><img loading=\"lazy\" decoding=\"async\" class=\"alignleft wp-image-6577\" style=\"padding: 3px; margin-top: 30px; margin-bottom: 10px;\" src=\"http:\/\/voyagevertical.ch\/wp-content\/uploads\/2025\/01\/Benno-Treier-24.jpg\" alt=\"\" width=\"383\" height=\"500\" srcset=\"https:\/\/voyagevertical.ch\/wp-content\/uploads\/2025\/01\/Benno-Treier-24.jpg 739w, https:\/\/voyagevertical.ch\/wp-content\/uploads\/2025\/01\/Benno-Treier-24-460x600.jpg 460w, https:\/\/voyagevertical.ch\/wp-content\/uploads\/2025\/01\/Benno-Treier-24-600x783.jpg 600w\" sizes=\"auto, (max-width: 383px) 100vw, 383px\" \/><\/p>\n<p><span style=\"color: #0066cc; font-family: arial,helvetica,sans-serif; font-size: 20px;\"><strong><b>Benno Treier<br \/>\n<\/b><\/strong><\/span><span style=\"font-family: arial, helvetica, sans-serif; font-size: 15px;\"><br \/>\n&#8211; Guide de haute montagne UIAGM<br \/>\n<\/span><span style=\"font-family: arial, helvetica, sans-serif; font-size: 15px;\">&#8211; Expert J+S sports de montagne<br \/>\n<\/span><span style=\"font-family: arial, helvetica, sans-serif; font-size: 15px;\">&#8211; Travaux sur cordes SBV niveau 2<\/span><\/p>\n<p><span style=\"font-family: Arial,sans-serif; color: #000000; font-size: 15px;\"><span style=\"font-size: 15px;\">Mon<\/span> premier contact avec la montagne, a \u00e9t\u00e9 \u00e0 l&rsquo;\u00e2ge de cinq ans sur des vielles lattes de ski \u00e0 Engelberg. Je me suis tellement plu en haut des montagnes, que j&rsquo;ai pu gravir mon premier 4 milles \u00e0 sept ans, en compagnie de mes parents, \u00e9videmment. Aussi passionn\u00e9 par l&rsquo;escalade que par le ski, j&rsquo;ai fait de nombreux voyages grimpe et exp\u00e9ditions au quatre coins du monde. Afin de vivre \u00e0 fond de ma passion et de la partager, j&rsquo;ai suivi la formation de guide de haute montagne en 2005. Depuis je fais d\u00e9couvrir la beaut\u00e9 des montagnes et les joies de l&rsquo;escalade \u00e0 mes clients.<\/span><span style=\"color: #000000;\"><span style=\"font-family: Arial,sans-serif; font-size: 15px;\"><br \/>\n<\/span><\/span><\/p>\n<p><span style=\"font-family: Prosto One;\"><span style=\"color: #000000;\"><span style=\"color: #0066cc; font-family: arial,helvetica,sans-serif;\"><strong>Langues<\/strong><\/span><span style=\"font-family: Arial,sans-serif; font-size: 15px;\"><br class=\"none\" \/><\/span><\/span><span style=\"color: #000000;\"><span style=\"font-family: Arial,sans-serif; font-size: 15px;\">Fran\u00e7ais<\/span><span style=\"font-family: Arial,sans-serif; font-size: 15px;\"><br class=\"none\" \/>Allemand<br class=\"none\" \/><\/span><span style=\"font-family: Arial,sans-serif; font-size: 15px;\">Anglais<\/span><\/span><\/span><\/p>","protected":false},"excerpt":{"rendered":"<p>Benno Treier &#8211; Guide de haute montagne UIAGM &#8211; Expert J+S sports de montagne &#8211; Travaux sur cordes SBV niveau 2 Mon premier contact avec la montagne, a \u00e9t\u00e9 \u00e0 l&rsquo;\u00e2ge de cinq ans sur des vielles lattes de ski <span class=\"excerpt-dots\">&hellip;<\/span> <a class=\"more-link\" href=\"https:\/\/voyagevertical.ch\/fr\/portrait-benno-treier\/\"><span class=\"more-msg\">Lire la suite &rarr;<\/span><\/a><\/p>\n","protected":false},"author":1,"featured_media":0,"parent":0,"menu_order":0,"comment_status":"closed","ping_status":"closed","template":"","meta":{"footnotes":""},"class_list":["post-2","page","type-page","status-publish","hentry"],"aioseo_notices":[],"_links":{"self":[{"href":"https:\/\/voyagevertical.ch\/fr\/wp-json\/wp\/v2\/pages\/2","targetHints":{"allow":["GET"]}}],"collection":[{"href":"https:\/\/voyagevertical.ch\/fr\/wp-json\/wp\/v2\/pages"}],"about":[{"href":"https:\/\/voyagevertical.ch\/fr\/wp-json\/wp\/v2\/types\/page"}],"author":[{"embeddable":true,"href":"https:\/\/voyagevertical.ch\/fr\/wp-json\/wp\/v2\/users\/1"}],"replies":[{"embeddable":true,"href":"https:\/\/voyagevertical.ch\/fr\/wp-json\/wp\/v2\/comments?post=2"}],"version-history":[{"count":33,"href":"https:\/\/voyagevertical.ch\/fr\/wp-json\/wp\/v2\/pages\/2\/revisions"}],"predecessor-version":[{"id":6607,"href":"https:\/\/voyagevertical.ch\/fr\/wp-json\/wp\/v2\/pages\/2\/revisions\/6607"}],"wp:attachment":[{"href":"https:\/\/voyagevertical.ch\/fr\/wp-json\/wp\/v2\/media?parent=2"}],"curies":[{"name":"wp","href":"https:\/\/api.w.org\/{rel}","templated":true}]}}