{"id":225,"date":"2012-02-26T14:52:50","date_gmt":"2012-02-26T14:52:50","guid":{"rendered":"http:\/\/voyagevertical.ch\/?page_id=225"},"modified":"2017-10-29T17:58:09","modified_gmt":"2017-10-29T17:58:09","slug":"liens","status":"publish","type":"page","link":"https:\/\/voyagevertical.ch\/fr\/liens\/","title":{"rendered":"Liens"},"content":{"rendered":"<p><span style=\"color: #0000ff; font-size: 18px; font-family: arial,helvetica,sans-serif;\"><span style=\"color: #0066cc;\"><span style=\"font-size: 14pt;\">Partenaire<\/span><br class=\"none\" \/><br class=\"none\" \/><span style=\"font-size: 12pt;\"><a href=\"http:\/\/www.vertical-passion.ch\/\"><span style=\"color: #3366ff;\">wwww.vertical-passion.ch<\/span><\/a><\/span><a href=\"http:\/\/www.vertical-passion.ch\/\"><span style=\"font-size: 12pt;\">\u00a0<\/span><\/a>\u00a0\u00a0\u00a0\u00a0\u00a0\u00a0\u00a0\u00a0\u00a0\u00a0\u00a0\u00a0 <\/span><\/span><span style=\"font-size: 12pt; font-family: arial,helvetica,sans-serif; color: #000000;\">Mon partenaire pour le mat\u00e9riel de montagne<\/p>\n<p><\/span><\/p>\n<p><span style=\"font-size: 14pt; font-family: arial,helvetica,sans-serif; color: #3366ff;\">Pr\u00e9visions m\u00e9t\u00e9orologique<\/span><\/p>\n<p><span style=\"font-family: arial,helvetica,sans-serif;\"><span style=\"color: #3366ff; font-size: 14px;\"><a style=\"color: #3366ff;\" href=\"http:\/\/www.meteosuisse.admin.ch\/home.html?tab=overview\"><span style=\"font-size: 12pt;\">www.meteosuisse.ch<\/span><\/a><\/span><span style=\"color: #0000ff; font-size: 12pt;\"><span style=\"color: #0066cc;\"><span style=\"color: #000000;\"> \u00a0 \u00a0 \u00a0 \u00a0 \u00a0 \u00a0 \u00a0\u00a0\u00a0\u00a0\u00a0 \u00a0 \u00a0 <\/span><\/span><\/span><\/span><span style=\"color: #0000ff; font-size: 12pt; font-family: arial,helvetica,sans-serif;\"><span style=\"color: #0066cc;\"><span style=\"color: #000000;\"><span style=\"font-family: arial,helvetica,sans-serif;\">Suisse<\/span><br \/>\n<span style=\"font-family: arial,helvetica,sans-serif;\"><span style=\"color: #3366ff;\"><a style=\"color: #3366ff;\" href=\"https:\/\/www.meteoblue.com\/fr\/meteo\/prevision\/semaine\/berne_suisse_2661552\">www.meteoblue.com<\/a>\u00a0\u00a0<\/span>\u00a0\u00a0\u00a0\u00a0\u00a0\u00a0\u00a0\u00a0\u00a0\u00a0\u00a0\u00a0\u00a0\u00a0\u00a0\u00a0\u00a0\u00a0\u00a0\u00a0\u00a0 Suisse et \u00e9tranger<\/span><br \/>\n<span style=\"font-family: arial,helvetica,sans-serif;\"><span style=\"color: #3366ff;\"><a style=\"color: #3366ff;\" href=\"http:\/\/www.meteocentrale.ch\/fr\/meteo.html\">www.meteocentrale.ch<\/a><\/span>\u00a0\u00a0\u00a0\u00a0\u00a0\u00a0\u00a0\u00a0\u00a0\u00a0\u00a0\u00a0\u00a0\u00a0\u00a0\u00a0\u00a0\u00a0\u00a0\u00a0 Suisse<\/span><br \/>\n<span style=\"font-family: arial,helvetica,sans-serif;\"><a href=\"http:\/\/chamonix-meteo.com\/chamonix-mont-blanc\/meteo\/prevision\/matin\/previ_meteo_5_jours.php\"><span style=\"color: #3366ff;\">www.chamonix-meteo.com<\/span><\/a>\u00a0\u00a0\u00a0\u00a0\u00a0\u00a0\u00a0 \u00a0 \u00a0 \u00a0 Chamonix \/ Mont-Blanc<\/span><br \/>\n<span style=\"font-family: arial,helvetica,sans-serif;\"><a href=\"http:\/\/meteonews.fr\/fr\/Carte_meteo\/CFR\/France\"><span style=\"color: #3366ff;\">www.meteonews.fr<\/span><\/a>\u00a0 \u00a0 \u00a0 \u00a0 \u00a0 \u00a0 \u00a0 \u00a0 \u00a0 \u00a0 \u00a0 \u00a0 \u00a0\u00a0 France en g\u00e9n\u00e9ral<\/span><br \/>\n<a href=\"http:\/\/cf.regione.vda.it\/home_fra.php\"><span style=\"font-family: arial,helvetica,sans-serif; color: #3366ff;\">cf.regione.vda.it<\/span><\/a><span style=\"font-family: arial,helvetica,sans-serif;\">\u00a0\u00a0\u00a0\u00a0\u00a0\u00a0\u00a0\u00a0\u00a0\u00a0\u00a0\u00a0\u00a0\u00a0\u00a0\u00a0\u00a0\u00a0\u00a0\u00a0\u00a0\u00a0\u00a0\u00a0\u00a0 \u00a0 \u00a0 \u00a0 Val d&rsquo;Aoste<\/span><br \/>\n<span style=\"color: #3366ff; font-family: arial,helvetica,sans-serif;\"><a style=\"color: #3366ff;\" href=\"https:\/\/www.ilmeteo.it\/meteo\/Aosta?refresh_cens\">www.ilmeteo.it<\/a>\u00a0\u00a0\u00a0\u00a0\u00a0\u00a0\u00a0\u00a0\u00a0\u00a0\u00a0\u00a0\u00a0\u00a0\u00a0\u00a0\u00a0\u00a0\u00a0\u00a0\u00a0\u00a0\u00a0\u00a0\u00a0\u00a0\u00a0\u00a0\u00a0\u00a0\u00a0\u00a0\u00a0 <span style=\"color: #000000;\">Italie en g\u00e9n\u00e9ral<\/p>\n<p><\/span><\/span><\/span><\/span><\/span><\/p>\n<p><span style=\"color: #0000ff; font-size: 14pt; font-family: arial,helvetica,sans-serif;\"><span style=\"color: #0066cc;\">Infos neige et avalanches<\/span><\/span><br class=\"none\" \/><br class=\"none\" \/><span style=\"font-size: 15px;\"><span style=\"color: #000000;\"><span style=\"font-size: 14px;\"><span style=\"color: #3366ff; font-family: arial,helvetica,sans-serif;\"><a style=\"color: #3366ff;\" href=\"http:\/\/www.slf.ch\/index_FR\"><span style=\"font-size: 12pt;\">www.slf.ch<\/span><\/a><\/span><span style=\"font-family: arial,helvetica,sans-serif; font-size: 12pt;\">\u00a0\u00a0\u00a0\u00a0\u00a0\u00a0\u00a0\u00a0\u00a0\u00a0\u00a0\u00a0\u00a0\u00a0\u00a0\u00a0\u00a0\u00a0\u00a0\u00a0\u00a0\u00a0\u00a0 \u00a0 \u00a0 \u00a0\u00a0 \u00a0 \u00a0 \u00a0 \u00a0\u00a0\u00a0 Infos neige et avalanches<\/span><\/span><span style=\"font-family: arial,helvetica,sans-serif; font-size: 12pt;\"> pour la suisse<\/span><br \/>\n<br class=\"none\" \/><\/span><\/span><\/p>\n<p><span style=\"color: #0000ff;\"><span style=\"font-family: Prosto One;\"><span style=\"font-size: xx-large;\"><span style=\"font-size: 24px; color: #0066cc;\">\u00a0<\/span><\/span><\/span><\/span><\/p>","protected":false},"excerpt":{"rendered":"<p>Partenairewwww.vertical-passion.ch\u00a0\u00a0\u00a0\u00a0\u00a0\u00a0\u00a0\u00a0\u00a0\u00a0\u00a0\u00a0\u00a0 Mon partenaire pour le mat\u00e9riel de montagne Pr\u00e9visions m\u00e9t\u00e9orologique www.meteosuisse.ch \u00a0 \u00a0 \u00a0 \u00a0 \u00a0 \u00a0 \u00a0\u00a0\u00a0\u00a0\u00a0 \u00a0 \u00a0 Suisse www.meteoblue.com\u00a0\u00a0\u00a0\u00a0\u00a0\u00a0\u00a0\u00a0\u00a0\u00a0\u00a0\u00a0\u00a0\u00a0\u00a0\u00a0\u00a0\u00a0\u00a0\u00a0\u00a0\u00a0\u00a0 Suisse et \u00e9tranger www.meteocentrale.ch\u00a0\u00a0\u00a0\u00a0\u00a0\u00a0\u00a0\u00a0\u00a0\u00a0\u00a0\u00a0\u00a0\u00a0\u00a0\u00a0\u00a0\u00a0\u00a0\u00a0 Suisse www.chamonix-meteo.com\u00a0\u00a0\u00a0\u00a0\u00a0\u00a0\u00a0 \u00a0 \u00a0 \u00a0 Chamonix \/ Mont-Blanc www.meteonews.fr\u00a0 \u00a0 \u00a0 \u00a0 \u00a0 \u00a0 <span class=\"excerpt-dots\">&hellip;<\/span> <a class=\"more-link\" href=\"https:\/\/voyagevertical.ch\/fr\/liens\/\"><span class=\"more-msg\">Lire la suite &rarr;<\/span><\/a><\/p>\n","protected":false},"author":1,"featured_media":0,"parent":0,"menu_order":0,"comment_status":"closed","ping_status":"open","template":"","meta":{"footnotes":""},"class_list":["post-225","page","type-page","status-publish","hentry"],"aioseo_notices":[],"_links":{"self":[{"href":"https:\/\/voyagevertical.ch\/fr\/wp-json\/wp\/v2\/pages\/225","targetHints":{"allow":["GET"]}}],"collection":[{"href":"https:\/\/voyagevertical.ch\/fr\/wp-json\/wp\/v2\/pages"}],"about":[{"href":"https:\/\/voyagevertical.ch\/fr\/wp-json\/wp\/v2\/types\/page"}],"author":[{"embeddable":true,"href":"https:\/\/voyagevertical.ch\/fr\/wp-json\/wp\/v2\/users\/1"}],"replies":[{"embeddable":true,"href":"https:\/\/voyagevertical.ch\/fr\/wp-json\/wp\/v2\/comments?post=225"}],"version-history":[{"count":2,"href":"https:\/\/voyagevertical.ch\/fr\/wp-json\/wp\/v2\/pages\/225\/revisions"}],"predecessor-version":[{"id":5622,"href":"https:\/\/voyagevertical.ch\/fr\/wp-json\/wp\/v2\/pages\/225\/revisions\/5622"}],"wp:attachment":[{"href":"https:\/\/voyagevertical.ch\/fr\/wp-json\/wp\/v2\/media?parent=225"}],"curies":[{"name":"wp","href":"https:\/\/api.w.org\/{rel}","templated":true}]}}