{"id":2475,"date":"2014-01-21T12:36:10","date_gmt":"2014-01-21T12:36:10","guid":{"rendered":"http:\/\/voyagevertical.ch\/?page_id=2475"},"modified":"2024-12-25T23:45:10","modified_gmt":"2024-12-25T23:45:10","slug":"home","status":"publish","type":"page","link":"https:\/\/voyagevertical.ch\/fr\/","title":{"rendered":"Home"},"content":{"rendered":"<p><span style=\"font-family: Arial,sans-serif; color: #000000;\"><span style=\"font-size: 32px;\"> <img loading=\"lazy\" decoding=\"async\" class=\"alignleft wp-image-6380 size-full\" src=\"http:\/\/voyagevertical.ch\/wp-content\/uploads\/2024\/12\/Bienvenue-chez-voyagevertical.png\" alt=\"\" width=\"613\" height=\"42\" srcset=\"https:\/\/voyagevertical.ch\/wp-content\/uploads\/2024\/12\/Bienvenue-chez-voyagevertical.png 613w, https:\/\/voyagevertical.ch\/wp-content\/uploads\/2024\/12\/Bienvenue-chez-voyagevertical-600x41.png 600w\" sizes=\"auto, (max-width: 613px) 100vw, 613px\" \/><br class=\"none\" \/><\/span><\/span><span style=\"color: #000000;\"><span style=\"font-family: Arial,sans-serif;\"><br class=\"none\" \/><br class=\"none\" \/><span style=\"font-family: arial,helvetica,sans-serif; font-size: 12pt;\">Que ce soit pour la randonn\u00e9e \u00e0 ski, une course en montagne ou de l&rsquo;escalade, je me r\u00e9jouit de vous accompagner pour la sortie de vos r\u00eaves.<\/span><br class=\"none\" \/><br class=\"none\" \/><span style=\"font-family: arial,helvetica,sans-serif; font-size: 12pt;\">Mon but est de partager avec vous ma passion de la montagne en toute s\u00e9curit\u00e9, aussi bien lors de courses classiques que pour des courses moins connues ou plus engag\u00e9es.<\/span><br class=\"none\" \/><br class=\"none\" \/><span style=\"font-family: arial,helvetica,sans-serif; font-size: 12pt;\">Vous souhaitez atteindre un sommet en particulier, vous avez un projet de course en montagne ou de voie d&rsquo;escalade? C&rsquo;est avec plaisir que je vous conseille et me r\u00e9jouit de partir pour une belle aventure en montagne avec vous.<\/span><\/span><\/span><\/p>\n<p><span style=\"font-family: arial,helvetica,sans-serif; font-size: 12pt;\"><strong><span style=\"color: #000000;\">Benno Treier<\/span><\/strong><\/span><br class=\"none\" \/><span style=\"color: #000000; font-family: arial,helvetica,sans-serif; font-size: 12pt;\">Guide de haute montagne UIAGM<\/span><span style=\"color: #000000; font-family: arial,helvetica,sans-serif;\"><img loading=\"lazy\" decoding=\"async\" class=\"alignright wp-image-4581\" style=\"margin-right: 90px;\" src=\"http:\/\/voyagevertical.ch\/wp-content\/uploads\/2014\/01\/emplem-UIAA-transparent.png\" alt=\"emplem-UIAA-transparent\" width=\"114\" height=\"114\" srcset=\"https:\/\/voyagevertical.ch\/wp-content\/uploads\/2014\/01\/emplem-UIAA-transparent.png 500w, https:\/\/voyagevertical.ch\/wp-content\/uploads\/2014\/01\/emplem-UIAA-transparent-110x110.png 110w, https:\/\/voyagevertical.ch\/wp-content\/uploads\/2014\/01\/emplem-UIAA-transparent-300x300.png 300w\" sizes=\"auto, (max-width: 114px) 100vw, 114px\" \/><\/span><\/p>","protected":false},"excerpt":{"rendered":"<p>Que ce soit pour la randonn\u00e9e \u00e0 ski, une course en montagne ou de l&rsquo;escalade, je me r\u00e9jouit de vous accompagner pour la sortie de vos r\u00eaves.Mon but est de partager avec vous ma passion de la montagne en toute <span class=\"excerpt-dots\">&hellip;<\/span> <a class=\"more-link\" href=\"https:\/\/voyagevertical.ch\/fr\/\"><span class=\"more-msg\">Lire la suite &rarr;<\/span><\/a><\/p>\n","protected":false},"author":1,"featured_media":0,"parent":0,"menu_order":0,"comment_status":"closed","ping_status":"open","template":"","meta":{"footnotes":""},"class_list":["post-2475","page","type-page","status-publish","hentry"],"aioseo_notices":[],"_links":{"self":[{"href":"https:\/\/voyagevertical.ch\/fr\/wp-json\/wp\/v2\/pages\/2475","targetHints":{"allow":["GET"]}}],"collection":[{"href":"https:\/\/voyagevertical.ch\/fr\/wp-json\/wp\/v2\/pages"}],"about":[{"href":"https:\/\/voyagevertical.ch\/fr\/wp-json\/wp\/v2\/types\/page"}],"author":[{"embeddable":true,"href":"https:\/\/voyagevertical.ch\/fr\/wp-json\/wp\/v2\/users\/1"}],"replies":[{"embeddable":true,"href":"https:\/\/voyagevertical.ch\/fr\/wp-json\/wp\/v2\/comments?post=2475"}],"version-history":[{"count":13,"href":"https:\/\/voyagevertical.ch\/fr\/wp-json\/wp\/v2\/pages\/2475\/revisions"}],"predecessor-version":[{"id":6382,"href":"https:\/\/voyagevertical.ch\/fr\/wp-json\/wp\/v2\/pages\/2475\/revisions\/6382"}],"wp:attachment":[{"href":"https:\/\/voyagevertical.ch\/fr\/wp-json\/wp\/v2\/media?parent=2475"}],"curies":[{"name":"wp","href":"https:\/\/api.w.org\/{rel}","templated":true}]}}