{"id":253,"date":"2012-03-09T19:20:59","date_gmt":"2012-03-09T19:20:59","guid":{"rendered":"http:\/\/voyagevertical.ch\/?page_id=253"},"modified":"2024-12-17T22:43:53","modified_gmt":"2024-12-17T22:43:53","slug":"inscription","status":"publish","type":"page","link":"https:\/\/voyagevertical.ch\/fr\/inscription\/","title":{"rendered":"Inscription"},"content":{"rendered":"<p><span style=\"color: #3366ff;\"><strong><span style=\"font-family: Prosto One;\"><span style=\"font-size: medium;\"><b><span style=\"font-size: 22px; color: #0066cc; font-family: arial,helvetica,sans-serif;\">Inscription<\/span><br class=\"none\" \/><br class=\"none\" \/><\/b><\/span><\/span><\/strong><\/span>\n<div class=\"wpcf7 no-js\" id=\"wpcf7-f370-o1\" lang=\"\" dir=\"ltr\" data-wpcf7-id=\"370\">\n<div class=\"screen-reader-response\"><p role=\"status\" aria-live=\"polite\" aria-atomic=\"true\"><\/p> <ul><\/ul><\/div>\n<form action=\"\/fr\/wp-json\/wp\/v2\/pages\/253#wpcf7-f370-o1\" method=\"post\" class=\"wpcf7-form init\" aria-label=\"Formulaire de contact\" novalidate=\"novalidate\" data-status=\"init\">\n<fieldset class=\"hidden-fields-container\"><input type=\"hidden\" name=\"_wpcf7\" value=\"370\" \/><input type=\"hidden\" name=\"_wpcf7_version\" value=\"6.1.5\" \/><input type=\"hidden\" name=\"_wpcf7_locale\" value=\"\" \/><input type=\"hidden\" name=\"_wpcf7_unit_tag\" value=\"wpcf7-f370-o1\" \/><input type=\"hidden\" name=\"_wpcf7_container_post\" value=\"0\" \/><input type=\"hidden\" name=\"_wpcf7_posted_data_hash\" value=\"\" \/>\n<\/fieldset>\n<p><span style=\"color: #000000;\"><span style=\"font-size: 15px;\">Activit\u00e9 \/ Date *<span style=\"word-spacing: 62px\"> <span class=\"wpcf7-form-control-wrap\" data-name=\"text-296\"><input size=\"40\" maxlength=\"400\" class=\"wpcf7-form-control wpcf7-text wpcf7-validates-as-required\" aria-required=\"true\" aria-invalid=\"false\" value=\"\" type=\"text\" name=\"text-296\" \/><\/span><\/span><\/span><\/span>\n<\/p>\n<p><span style=\"color: #000000;\"><span style=\"font-size: 15px;\">Votre nom et pr\u00e9nom *<span style=\"word-spacing: 15px\"> <span class=\"wpcf7-form-control-wrap\" data-name=\"your-name\"><input size=\"40\" maxlength=\"400\" class=\"wpcf7-form-control wpcf7-text wpcf7-validates-as-required\" aria-required=\"true\" aria-invalid=\"false\" value=\"\" type=\"text\" name=\"your-name\" \/><\/span> <\/span><\/span><\/span>\n<\/p>\n<p><span style=\"color: #000000;\"><span style=\"font-size: 15px;\">Date de naissance *<span style=\"word-spacing: 30px\"> <span class=\"wpcf7-form-control-wrap\" data-name=\"text-419\"><input size=\"40\" maxlength=\"400\" class=\"wpcf7-form-control wpcf7-text wpcf7-validates-as-required\" aria-required=\"true\" aria-invalid=\"false\" value=\"\" type=\"text\" name=\"text-419\" \/><\/span> <\/span><\/span><\/span>\n<\/p>\n<p><span style=\"color: #000000;\"><span style=\"font-size: 15px;\">CP, Localit\u00e9 *<span style=\"word-spacing: 76px\"> <span class=\"wpcf7-form-control-wrap\" data-name=\"text-404\"><input size=\"40\" maxlength=\"400\" class=\"wpcf7-form-control wpcf7-text\" aria-invalid=\"false\" value=\"\" type=\"text\" name=\"text-404\" \/><\/span> <\/span><\/span><\/span>\n<\/p>\n<p><span style=\"color: #000000;\"><span style=\"font-size: 15px;\">Votre email *<span style=\"word-spacing: 80px\"> <span class=\"wpcf7-form-control-wrap\" data-name=\"your-email\"><input size=\"40\" maxlength=\"400\" class=\"wpcf7-form-control wpcf7-email wpcf7-validates-as-required wpcf7-text wpcf7-validates-as-email\" aria-required=\"true\" aria-invalid=\"false\" value=\"\" type=\"email\" name=\"your-email\" \/><\/span> <\/span><\/span><\/span>\n<\/p>\n<p><span style=\"color: #000000;\"><span style=\"font-size: 15px;\">T\u00e9l\u00e9phone (joignable<br \/>\nen journ\u00e9e) *<span style=\"word-spacing: 79px\"> <span class=\"wpcf7-form-control-wrap\" data-name=\"tel-149\"><input size=\"40\" maxlength=\"400\" class=\"wpcf7-form-control wpcf7-tel wpcf7-validates-as-required wpcf7-text wpcf7-validates-as-tel\" aria-required=\"true\" aria-invalid=\"false\" value=\"\" type=\"tel\" name=\"tel-149\" \/><\/span> <\/span><\/span><\/span>\n<\/p>\n<p><span style=\"color: #000000;\"><span style=\"font-size: 15px;\">*Pour les voyages en avion, veuillez indiquer le nom exacte comme dans votre passeport.<\/span><\/span>\n<\/p>\n<p><span style=\"color: #000000;\"><span style=\"font-size: 15px;\"> <span class=\"wpcf7-form-control-wrap\" data-name=\"acceptance-21\"><span class=\"wpcf7-form-control wpcf7-acceptance\"><span class=\"wpcf7-list-item\"><input type=\"checkbox\" name=\"acceptance-21\" value=\"1\" aria-invalid=\"false\" \/><\/span><\/span><\/span> *Avec l\u2019inscription, le participant accepte les conditions g\u00e9n\u00e9rales <a title=\"CG\" href=\"http:\/\/voyagevertical.ch\/fr\/cg-2\/\"><span style=\"color: #ff9900;\">CG<\/span><\/a><\/span> <span style=\"color: #000000;\"><span style=\"font-size: 15px;\">(Pour les voyages en avion les d\u00e9lais d'annulation du voyage respective sont appliqu\u00e9s; voir programme d\u00e9taill\u00e9 du voyage).<\/span><\/span><\/span>\n<\/p>\n<p><span style=\"color: #000000;\"><span style=\"font-size: 15px;\">Remarques<br \/>\n<span class=\"wpcf7-form-control-wrap\" data-name=\"your-message\"><textarea cols=\"40\" rows=\"10\" maxlength=\"2000\" class=\"wpcf7-form-control wpcf7-textarea\" aria-invalid=\"false\" name=\"your-message\"><\/textarea><\/span> <\/span><\/span>\n<\/p>\n<p><span style=\"color: #000000;\"><span style=\"font-size: 15px;\"><input class=\"wpcf7-form-control wpcf7-submit has-spinner\" type=\"submit\" value=\"Envoyer\" \/><\/span><\/span>\n<\/p><div class=\"wpcf7-response-output\" aria-hidden=\"true\"><\/div>\n<\/form>\n<\/div>\n<\/p>","protected":false},"excerpt":{"rendered":"<p>Inscription<\/p>\n <a class=\"more-link\" href=\"https:\/\/voyagevertical.ch\/fr\/inscription\/\"><span class=\"more-msg\">Lire la suite &rarr;<\/span><\/a>","protected":false},"author":1,"featured_media":6015,"parent":0,"menu_order":0,"comment_status":"closed","ping_status":"open","template":"","meta":{"footnotes":""},"class_list":["post-253","page","type-page","status-publish","has-post-thumbnail","hentry"],"aioseo_notices":[],"_links":{"self":[{"href":"https:\/\/voyagevertical.ch\/fr\/wp-json\/wp\/v2\/pages\/253","targetHints":{"allow":["GET"]}}],"collection":[{"href":"https:\/\/voyagevertical.ch\/fr\/wp-json\/wp\/v2\/pages"}],"about":[{"href":"https:\/\/voyagevertical.ch\/fr\/wp-json\/wp\/v2\/types\/page"}],"author":[{"embeddable":true,"href":"https:\/\/voyagevertical.ch\/fr\/wp-json\/wp\/v2\/users\/1"}],"replies":[{"embeddable":true,"href":"https:\/\/voyagevertical.ch\/fr\/wp-json\/wp\/v2\/comments?post=253"}],"version-history":[{"count":1,"href":"https:\/\/voyagevertical.ch\/fr\/wp-json\/wp\/v2\/pages\/253\/revisions"}],"predecessor-version":[{"id":6039,"href":"https:\/\/voyagevertical.ch\/fr\/wp-json\/wp\/v2\/pages\/253\/revisions\/6039"}],"wp:featuredmedia":[{"embeddable":true,"href":"https:\/\/voyagevertical.ch\/fr\/wp-json\/wp\/v2\/media\/6015"}],"wp:attachment":[{"href":"https:\/\/voyagevertical.ch\/fr\/wp-json\/wp\/v2\/media?parent=253"}],"curies":[{"name":"wp","href":"https:\/\/api.w.org\/{rel}","templated":true}]}}