{"id":41,"date":"2012-02-07T14:53:52","date_gmt":"2012-02-07T14:53:52","guid":{"rendered":"http:\/\/voyagevertical.ch\/?page_id=41"},"modified":"2025-01-02T23:12:51","modified_gmt":"2025-01-02T23:12:51","slug":"contact","status":"publish","type":"page","link":"https:\/\/voyagevertical.ch\/fr\/contact\/","title":{"rendered":"Contact"},"content":{"rendered":"<p><span style=\"font-family: Arial,sans-serif;\"><span style=\"font-size: 15px;\"><span style=\"color: #000000;\"><strong><span style=\"color: #0000ff; font-family: arial, helvetica, sans-serif; font-size: 20px;\"><span style=\"color: #000000;\">voyage<\/span>vertical.ch<\/span><\/strong><br \/>\nBenno Treier<br \/>\n<\/span><span style=\"color: #000000;\">Tel +41 (0)77 461 03 62<\/span><br class=\"none\" \/><\/span><\/span><span style=\"font-size: 16px; color: #cc7a00;\"><span style=\"font-family: Marker Felt;\"><span style=\"font-family: arial, helvetica, sans-serif; color: #0000ff;\"><a style=\"color: #0000ff;\" href=\"mailto:info@voyagevertical.ch\">info@voyagevertical.ch<\/a><\/span><\/span><\/span><\/p>\n<p>&nbsp;<\/p>\n<p><span style=\"color: #3366ff; font-family: arial, helvetica, sans-serif; font-size: 16pt;\">Prix \/ Tarifs:<\/span><\/p>\n<p><b><\/b><span style=\"color: #000000; font-size: 14px; font-family: arial,helvetica,sans-serif;\">Les prix forfaitaires affich\u00e9s dans le programme comprennent, sauf mention contraire, le logement en demi-pension et tous les frais du guide.<\/span><\/p>\n<p><span style=\"font-size: 14px; font-family: arial,helvetica,sans-serif;\"><span style=\"color: #000000;\">Pour les engagements priv\u00e9s, le guide est r\u00e9mun\u00e9r\u00e9 soit au forfait journalier, soit au tarif du sommet (selon les tarifs recommand\u00e9 par l\u2019Association Suisses des Guides de Montagne ASGM):<br class=\"none\" \/>Tarif journalier entre CHF 650.- et CHF 780.- selon la course et la taille du groupe.<br class=\"none\" \/>A ce tarif s&rsquo;ajoutent les frais tels que le trajet, les forfaits de ski, les remont\u00e9es m\u00e9caniques, l&rsquo;h\u00e9bergement en demi-pension, etc..<br class=\"none\" \/><\/span><span style=\"color: #000080;\"><span style=\"color: #000000;\">Le tarif peut \u00eatre adapt\u00e9 en fonction du temps d\u2019engagement, de la longueur de la course, de sa difficult\u00e9, des conditions, du nombre de participants et de l\u2019exploitation saisonni\u00e8re.<\/span> <a href=\"http:\/\/www.4000plus.ch\/index.php?id=11&amp;L=1\"><span style=\"color: #808000; font-size: 14px;\"><span style=\"color: #cc7a00;\">Tarifs des<\/span> <span style=\"color: #cc7a00;\">sommets ASGM<\/span><\/span><\/a><\/span><\/span><\/p>\n<p><span style=\"color: #000000; font-size: 14px; font-family: arial,helvetica,sans-serif;\">En cas d\u2019annulation de la part du participant, les frais suivants seront factur\u00e9s:<br \/>\n<span style=\"color: #000000;\"><span style=\"font-size: 14px;\"><span style=\"font-family: Arial,sans-serif;\">60 &#8211; 41 jours avant le d\u00e9but de l&rsquo;activit\u00e9: 25% du prix<br class=\"none\" \/>40 &#8211; 31 jours avant le d\u00e9but l&rsquo;activit\u00e9: 50% du prix<br \/>\n30 &#8211; 16 jours avant le d\u00e9but l&rsquo;activit\u00e9: 75% du prix<br class=\"none\" \/>15 jours avant le d\u00e9but l&rsquo;activit\u00e9: 100% du prix<br \/>\n<strong>Pour les voyages en avion et des voyages \u00e0 forfait, les conditions d&rsquo;annulation du voyage respectif selon le programme d\u00e9taill\u00e9 s&rsquo;appliquent.<\/strong><br \/>\n<\/span><\/span><\/span><br class=\"none\" \/>En principe les engagements ont lieu par tous les temps. Voyagevertical se r\u00e9serve le droit de modifier le programme selon les conditions nivologiques, m\u00e9t\u00e9orologiques, le niveau des participants ou d\u2019autres facteurs influen\u00e7ant la s\u00e9curit\u00e9 du groupe. Toute action en dommages et int\u00e9r\u00eats pour cause d\u2019une modification de programme est exclue. Chaque participant devrait disposer d\u2019une couverture d\u2019assurance compl\u00e8te en cas d\u2019accident et maladie, incl. couverture des frais de sauvetage (en montagne).<\/span><\/p>\n<p><span style=\"color: #000080; font-size: 14px; font-family: arial,helvetica,sans-serif;\"><span style=\"color: #000000;\">Pour plus de d\u00e9tails, voir les<\/span> <span style=\"color: #cc7a00;\"><a title=\"CG\" href=\"http:\/\/voyagevertical.ch\/fr\/cg\"><span style=\"color: #cc7a00;\"><span style=\"color: #cc7a00;\">c<\/span><span style=\"color: #cc7a00;\">onditions g\u00e9n\u00e9rales<\/span><\/span><\/a><\/span><\/span><\/p>\n<p><span style=\"color: #cc7a00;\"><span style=\"font-family: Arial,sans-serif;\"><span style=\"font-size: large;\">\u00a0<\/span><\/span><\/span><\/p>","protected":false},"excerpt":{"rendered":"<p>voyagevertical.ch Benno Treier Tel +41 (0)77 461 03 62info@voyagevertical.ch &nbsp; Prix \/ Tarifs: Les prix forfaitaires affich\u00e9s dans le programme comprennent, sauf mention contraire, le logement en demi-pension et tous les frais du guide. Pour les engagements priv\u00e9s, le guide <span class=\"excerpt-dots\">&hellip;<\/span> <a class=\"more-link\" href=\"https:\/\/voyagevertical.ch\/fr\/contact\/\"><span class=\"more-msg\">Lire la suite &rarr;<\/span><\/a><\/p>\n","protected":false},"author":1,"featured_media":0,"parent":0,"menu_order":0,"comment_status":"closed","ping_status":"closed","template":"","meta":{"footnotes":""},"class_list":["post-41","page","type-page","status-publish","hentry"],"aioseo_notices":[],"_links":{"self":[{"href":"https:\/\/voyagevertical.ch\/fr\/wp-json\/wp\/v2\/pages\/41","targetHints":{"allow":["GET"]}}],"collection":[{"href":"https:\/\/voyagevertical.ch\/fr\/wp-json\/wp\/v2\/pages"}],"about":[{"href":"https:\/\/voyagevertical.ch\/fr\/wp-json\/wp\/v2\/types\/page"}],"author":[{"embeddable":true,"href":"https:\/\/voyagevertical.ch\/fr\/wp-json\/wp\/v2\/users\/1"}],"replies":[{"embeddable":true,"href":"https:\/\/voyagevertical.ch\/fr\/wp-json\/wp\/v2\/comments?post=41"}],"version-history":[{"count":8,"href":"https:\/\/voyagevertical.ch\/fr\/wp-json\/wp\/v2\/pages\/41\/revisions"}],"predecessor-version":[{"id":6605,"href":"https:\/\/voyagevertical.ch\/fr\/wp-json\/wp\/v2\/pages\/41\/revisions\/6605"}],"wp:attachment":[{"href":"https:\/\/voyagevertical.ch\/fr\/wp-json\/wp\/v2\/media?parent=41"}],"curies":[{"name":"wp","href":"https:\/\/api.w.org\/{rel}","templated":true}]}}