{"id":91,"date":"2012-02-09T16:16:17","date_gmt":"2012-02-09T16:16:17","guid":{"rendered":"http:\/\/voyagevertical.ch\/?page_id=91"},"modified":"2017-02-25T20:51:35","modified_gmt":"2017-02-25T20:51:35","slug":"voyagevertical","status":"publish","type":"page","link":"https:\/\/voyagevertical.ch\/fr\/voyagevertical\/","title":{"rendered":"Voyagevertical"},"content":{"rendered":"<p><\/p>\n<p style=\"font-family: Arial,serif; font-size: 12px; line-height: 20px;\"><a title=\"Programme\" href=\"http:\/\/voyagevertical.ch\/fr\/programme\/#randonneeaski\" target=\"_blank\"><img loading=\"lazy\" decoding=\"async\" class=\"size-full wp-image-1658 alignleft\" style=\"border: 1px solid #c7c7c7; padding: 3px; margin-top: -1px; margin-bottom: 10px;\" src=\"http:\/\/voyagevertical.ch\/wp-content\/uploads\/2012\/02\/Skirandowannenhorn500x244.jpg\" alt=\"\" width=\"400\" height=\"195\" srcset=\"https:\/\/voyagevertical.ch\/wp-content\/uploads\/2012\/02\/Skirandowannenhorn500x244.jpg 400w, https:\/\/voyagevertical.ch\/wp-content\/uploads\/2012\/02\/Skirandowannenhorn500x244-300x146.jpg 300w\" sizes=\"auto, (max-width: 400px) 100vw, 400px\" \/><\/a><span style=\"font-size: 10pt; color: #000000; font-family: arial,helvetica,sans-serif;\">Avancer dans la neige vierge, faire sa trace loin de l&rsquo;agitation des pistes des stations de ski. Atteindre le somment et d\u00e9couvrir les paysages enneig\u00e9s, mesurer avec fiert\u00e9 l&rsquo;effort accompli, le ski de randonn\u00e9e est une exp\u00e9rience unique.<br class=\"none\" \/>Avec une personne exp\u00e9riment\u00e9e \u00e0 vos c\u00f4t\u00e9, vous aurez la possibilit\u00e9 de ressentir ces plaisirs blancs plus librement et en toute s\u00e9curit\u00e9.<\/span><\/p>\n<div style=\"clear: left;\"><\/div>\n<p style=\"font-family: Arial,serif; font-size: 12px; line-height: 20px;\"><a title=\"Programme\" href=\"http:\/\/voyagevertical.ch\/fr\/programme\/#freeride\" target=\"_blank\"><img loading=\"lazy\" decoding=\"async\" class=\"size-full wp-image-1653 alignleft\" style=\"border: 1px solid #c7c7c7; padding: 3px; margin-top: 20px; margin-bottom: 10px;\" src=\"http:\/\/voyagevertical.ch\/wp-content\/uploads\/2012\/02\/Freeride3.jpg\" alt=\"\" width=\"400\" height=\"195\" srcset=\"https:\/\/voyagevertical.ch\/wp-content\/uploads\/2012\/02\/Freeride3.jpg 400w, https:\/\/voyagevertical.ch\/wp-content\/uploads\/2012\/02\/Freeride3-300x146.jpg 300w\" sizes=\"auto, (max-width: 400px) 100vw, 400px\" \/><\/a><span style=\"font-family: Arial,serif;\"><br class=\"none\" \/><span style=\"color: #000000; font-size: 10pt; font-family: arial,helvetica,sans-serif;\">Profiter des remont\u00e9es m\u00e9caniques pour raccourcir la mont\u00e9e afin de se ressourcer dans le calme des \u00e9tendues blanches. Etre libre et profiter de la nature dans toute sa diversit\u00e9. Descendre dans la poudreuse la plus belle et glisser sur le flan des montagnes enneig\u00e9es. Le free ride est synonyme de libert\u00e9.<\/span><br class=\"none\" \/><span style=\"color: #000000; font-size: 10pt; font-family: arial,helvetica,sans-serif;\">L\u2019encadrement par un guide professionnel vous permettra de partir \u00e0 la d\u00e9couverte d&rsquo;un terrain de jeu diff\u00e9rent sur lequel vous rencontrerez des conditions d&rsquo;enneigement extr\u00eamement vari\u00e9es et parfois surprenantes.<\/span><\/span><\/p>\n<div style=\"clear: left;\"><\/div>\n<p style=\"font-family: Arial,serif; font-size: 12px; line-height: 20px;\"><a title=\"Programme\" href=\"http:\/\/voyagevertical.ch\/fr\/programme\/#alpinisme\" target=\"_blank\"><img loading=\"lazy\" decoding=\"async\" class=\" wp-image-1661 alignleft\" style=\"border: 1px solid #c7c7c7; padding: 3px; margin-top: 20px; margin-bottom: 10px;\" src=\"http:\/\/voyagevertical.ch\/wp-content\/uploads\/2012\/02\/AlpinismeSpallengrat2Bernina.jpg\" alt=\"\" width=\"400\" height=\"195\" srcset=\"https:\/\/voyagevertical.ch\/wp-content\/uploads\/2012\/02\/AlpinismeSpallengrat2Bernina.jpg 400w, https:\/\/voyagevertical.ch\/wp-content\/uploads\/2012\/02\/AlpinismeSpallengrat2Bernina-300x146.jpg 300w\" sizes=\"auto, (max-width: 400px) 100vw, 400px\" \/><\/a><span style=\"font-family: Arial,serif;\"><br class=\"none\" \/><span style=\"color: #000000; font-family: arial,helvetica,sans-serif; font-size: 10pt;\">Notre trace nous m\u00e8ne \u00e0 travers d&rsquo;imposant glacier et ensemble nous suivons d&rsquo;\u00e9troites arr\u00eates. L&rsquo;immensit\u00e9, l&rsquo;effort pour enfin atteindre les toits du monde. Les sensations ressenties lors de l&rsquo;ascension d&rsquo;un sommet sont indescriptibles.<\/span><br class=\"none\" \/><span style=\"color: #000000; font-family: arial,helvetica,sans-serif; font-size: 10pt;\">Suivez vos ambitions en compagnie d&rsquo;un guide de montagne sur des routes peu fr\u00e9quent\u00e9es, sur les traces des pionniers, \u00e0 la conqu\u00eate des plus beaux sommets et d\u00e9couvrez le bonheur d&rsquo;avoir d\u00e9passer vos limites pour atteindre vos r\u00eaves.<\/span><\/span><\/p>\n<div style=\"clear: left;\"><\/div>\n<p style=\"font-size: 12px; line-height: 20px;\"><a title=\"Programme\" href=\"http:\/\/voyagevertical.ch\/fr\/programme\/#escaladeenfalaise\" target=\"_blank\"><img loading=\"lazy\" decoding=\"async\" class=\"alignleft wp-image-1662 size-full\" style=\"border: 1px solid #c7c7c7; padding: 3px; margin-top: 20px; margin-bottom: 10px;\" src=\"http:\/\/voyagevertical.ch\/wp-content\/uploads\/2012\/02\/Escalade.jpg\" alt=\"\" width=\"400\" height=\"195\" srcset=\"https:\/\/voyagevertical.ch\/wp-content\/uploads\/2012\/02\/Escalade.jpg 400w, https:\/\/voyagevertical.ch\/wp-content\/uploads\/2012\/02\/Escalade-300x146.jpg 300w\" sizes=\"auto, (max-width: 400px) 100vw, 400px\" \/><\/a><span style=\"font-size: small;\"><span style=\"font-family: Arial,serif;\"><br class=\"none\" \/><span style=\"color: #000000;\">Que se soit de l&rsquo;escalade sportive, de longues voies dans de grandes falaises a\u00e9riennes ou des arr\u00eates expos\u00e9es, le rocher exige toute votre concentration et une bonne technique.<\/span><\/span><\/span> <span style=\"font-size: small; color: #000000;\"> <span style=\"font-family: Arial,serif;\">Grimper avec un guide de montagne contribue \u00e0 am\u00e9liorer vos techniques de grimpe, de manipulation de cordes et \u00e0 renforcer votre confiance. Cette ma\u00eetrise de soi vous ouvrira les portes de terrains plus sauvages et engag\u00e9s.<\/span><\/span><\/p>\n<div style=\"clear: left;\"><\/div>\n<p style=\"font-size: 12px; line-height: 20px;\"><a title=\"Programme\" href=\"http:\/\/voyagevertical.ch\/fr\/programme\/#cascade\" target=\"_blank\"><img loading=\"lazy\" decoding=\"async\" class=\"size-full wp-image-1663 alignleft\" style=\"border: 1px solid #c7c7c7; padding: 3px; margin-top: 20px; margin-bottom: 10px;\" src=\"http:\/\/voyagevertical.ch\/wp-content\/uploads\/2012\/02\/cascadedeglaceRoches-pleureusesBenno2.jpg\" alt=\"\" width=\"400\" height=\"195\" srcset=\"https:\/\/voyagevertical.ch\/wp-content\/uploads\/2012\/02\/cascadedeglaceRoches-pleureusesBenno2.jpg 400w, https:\/\/voyagevertical.ch\/wp-content\/uploads\/2012\/02\/cascadedeglaceRoches-pleureusesBenno2-300x146.jpg 300w\" sizes=\"auto, (max-width: 400px) 100vw, 400px\" \/><\/a><span style=\"font-size: 12px;\"><span style=\"font-family: Arial,serif;\"><br class=\"none\" \/><span style=\"color: #000000; font-family: arial,helvetica,sans-serif; font-size: 10pt;\">Reflets bleus, stalactites scintillantes, l&rsquo;escalade sur glace est une exp\u00e9rience particuli\u00e8re sur des cascades aux formes cristallis\u00e9es et aux \u00e9tonnantes structures gel\u00e9es.<\/span><br class=\"none\" \/><span style=\"color: #000000; font-family: arial,helvetica,sans-serif; font-size: 10pt;\">En b\u00e9n\u00e9ficiant des conseils et de l&rsquo;encadrement d&rsquo;un sp\u00e9cialiste, vous apprendrez en toute confiance les gestes et les techniques vous permettant de progresser et d&rsquo;affiner votre technique. Suivez votre propre itin\u00e9raire vertical, d\u00e9couvrez de nouveaux mouvements<\/span><\/span><span style=\"color: #000000; font-family: arial,helvetica,sans-serif; font-size: 10pt;\"><span style=\"text-decoration: line-through;\">,<\/span> ainsi que la pr\u00e9cision et la puissance du geste.<\/span><\/span><\/p>\n<p><span style=\"font-family: Arial,serif;\"><span style=\"font-size: medium;\">\u00a0<\/span><\/span><\/p>","protected":false},"excerpt":{"rendered":"<p>Avancer dans la neige vierge, faire sa trace loin de l&rsquo;agitation des pistes des stations de ski. Atteindre le somment et d\u00e9couvrir les paysages enneig\u00e9s, mesurer avec fiert\u00e9 l&rsquo;effort accompli, le ski de randonn\u00e9e est une exp\u00e9rience unique.Avec une personne <span class=\"excerpt-dots\">&hellip;<\/span> <a class=\"more-link\" href=\"https:\/\/voyagevertical.ch\/fr\/voyagevertical\/\"><span class=\"more-msg\">Lire la suite &rarr;<\/span><\/a><\/p>\n","protected":false},"author":1,"featured_media":0,"parent":0,"menu_order":0,"comment_status":"closed","ping_status":"closed","template":"","meta":{"footnotes":""},"class_list":["post-91","page","type-page","status-publish","hentry"],"aioseo_notices":[],"_links":{"self":[{"href":"https:\/\/voyagevertical.ch\/fr\/wp-json\/wp\/v2\/pages\/91","targetHints":{"allow":["GET"]}}],"collection":[{"href":"https:\/\/voyagevertical.ch\/fr\/wp-json\/wp\/v2\/pages"}],"about":[{"href":"https:\/\/voyagevertical.ch\/fr\/wp-json\/wp\/v2\/types\/page"}],"author":[{"embeddable":true,"href":"https:\/\/voyagevertical.ch\/fr\/wp-json\/wp\/v2\/users\/1"}],"replies":[{"embeddable":true,"href":"https:\/\/voyagevertical.ch\/fr\/wp-json\/wp\/v2\/comments?post=91"}],"version-history":[{"count":0,"href":"https:\/\/voyagevertical.ch\/fr\/wp-json\/wp\/v2\/pages\/91\/revisions"}],"wp:attachment":[{"href":"https:\/\/voyagevertical.ch\/fr\/wp-json\/wp\/v2\/media?parent=91"}],"curies":[{"name":"wp","href":"https:\/\/api.w.org\/{rel}","templated":true}]}}